{"id":41,"date":"2018-08-22T12:51:52","date_gmt":"2018-08-22T10:51:52","guid":{"rendered":"http:\/\/www.peterjohnen.de\/?page_id=41"},"modified":"2023-05-05T18:25:28","modified_gmt":"2023-05-05T16:25:28","slug":"startseite","status":"publish","type":"page","link":"https:\/\/www.peterjohnen.de\/","title":{"rendered":"Home"},"content":{"rendered":"<p>Das bin ich (der rechts)<\/p>\n<figure id=\"attachment_7\" aria-describedby=\"caption-attachment-7\" style=\"width: 300px\" class=\"wp-caption alignnone\"><img loading=\"lazy\" decoding=\"async\" class=\"size-full wp-image-7\" src=\"https:\/\/www.peterjohnen.de\/wp-content\/uploads\/2018\/08\/Foto-8-300x225.jpg\" alt=\"\" width=\"300\" height=\"225\" \/><figcaption id=\"caption-attachment-7\" class=\"wp-caption-text\">two of a kind<\/figcaption><\/figure>\n<p>Mein Name ist Peter, bei manchen alten Freunden &#8222;Pete&#8220;, bei Kicker-Freunden &#8222;Pistol-Pete&#8220;. Ich habe meine Br\u00f6tchen als Software Engineer und Consultant f\u00fcr Aircraft Maintenance IT bei Lufthansa verdient und bin nun im Ruhestand.<\/p>\n<p>Einen Gro\u00dfteil meines Lebens habe ich mit meiner Frau in Hamburg gelebt und wir sind erst vor wenigen Jahren nach M\u00fcnchen gezogen &#8211; aus beruflichen Gr\u00fcnden (ihren) und aus Freizeit-Gr\u00fcnden (meinen).<\/p>\n<p><img loading=\"lazy\" decoding=\"async\" class=\"alignnone size-medium wp-image-166\" src=\"https:\/\/www.peterjohnen.de\/wp-content\/uploads\/2018\/09\/RT-evulotion-300x124.jpg\" alt=\"\" width=\"300\" height=\"124\" srcset=\"https:\/\/www.peterjohnen.de\/wp-content\/uploads\/2018\/09\/RT-evulotion-300x124.jpg 300w, https:\/\/www.peterjohnen.de\/wp-content\/uploads\/2018\/09\/RT-evulotion.jpg 484w\" sizes=\"auto, (max-width: 300px) 100vw, 300px\" \/><\/p>\n<p>Ich mache n\u00e4mlich viele Motorrad Touren und auch einiges in Sachen Fotografie. So ist es langsam an der Zeit, die weit verstreuten Berichte und Pr\u00e4sentationen in einem Blog zu b\u00fcndeln , um nur noch einmal zu schreiben \/ pr\u00e4sentieren und dann Links mit allen Freunden und Kontakten zu teilen, die die jeweiligen &#8218;Channel&#8216; wie Facebook, WhatsApp, Mail und was auch immer, m\u00f6gen oder nicht m\u00f6gen. Jeder nach seiner Fasson&#8230;<\/p>\n<p>Dieser Blog ist erstellt mit WordPress und dem Theme <em>Twenty Seventeen<\/em> sowie den PlugIns:<\/p>\n<ul>\n<li><strong><em>Final Tiles Gallery<\/em><\/strong> f\u00fcr einige Fotogalerien<\/li>\n<li><strong><em>Postie<\/em><\/strong> f\u00fcr automatisiertes Posten von Beitr\u00e4gen von unterwegs via eMail<\/li>\n<li><strong><em>Jetpack social media sharing<\/em><\/strong> f\u00fcr automatisiertes Posten von Beitr\u00e4gen in facebook<\/li>\n<\/ul>\n<p>Kommentare sind nat\u00fcrlich erw\u00fcnscht und werden zeitnah gelesen \/ beantwortet.<\/p>\n<p>Andernfalls geht auch folgende eMail: mail@peterjohnen.de<\/p>\n","protected":false},"excerpt":{"rendered":"<p>Das bin ich (der rechts) Mein Name ist Peter, bei manchen alten Freunden &#8222;Pete&#8220;, bei Kicker-Freunden &#8222;Pistol-Pete&#8220;. Ich habe meine Br\u00f6tchen als Software Engineer und Consultant f\u00fcr Aircraft Maintenance IT bei Lufthansa verdient und bin nun im Ruhestand. Einen Gro\u00dfteil meines Lebens habe ich mit meiner Frau in Hamburg gelebt und wir sind erst vor &hellip; <\/p>\n<p class=\"link-more\"><a href=\"https:\/\/www.peterjohnen.de\/\" class=\"more-link\"><span class=\"screen-reader-text\">\u201eHome\u201c<\/span> weiterlesen<\/a><\/p>\n","protected":false},"author":1,"featured_media":0,"parent":0,"menu_order":0,"comment_status":"open","ping_status":"open","template":"","meta":{"footnotes":""},"class_list":["post-41","page","type-page","status-publish","hentry"],"jetpack_sharing_enabled":true,"jetpack_likes_enabled":true,"_links":{"self":[{"href":"https:\/\/www.peterjohnen.de\/index.php?rest_route=\/wp\/v2\/pages\/41","targetHints":{"allow":["GET"]}}],"collection":[{"href":"https:\/\/www.peterjohnen.de\/index.php?rest_route=\/wp\/v2\/pages"}],"about":[{"href":"https:\/\/www.peterjohnen.de\/index.php?rest_route=\/wp\/v2\/types\/page"}],"author":[{"embeddable":true,"href":"https:\/\/www.peterjohnen.de\/index.php?rest_route=\/wp\/v2\/users\/1"}],"replies":[{"embeddable":true,"href":"https:\/\/www.peterjohnen.de\/index.php?rest_route=%2Fwp%2Fv2%2Fcomments&post=41"}],"version-history":[{"count":9,"href":"https:\/\/www.peterjohnen.de\/index.php?rest_route=\/wp\/v2\/pages\/41\/revisions"}],"predecessor-version":[{"id":1356,"href":"https:\/\/www.peterjohnen.de\/index.php?rest_route=\/wp\/v2\/pages\/41\/revisions\/1356"}],"wp:attachment":[{"href":"https:\/\/www.peterjohnen.de\/index.php?rest_route=%2Fwp%2Fv2%2Fmedia&parent=41"}],"curies":[{"name":"wp","href":"https:\/\/api.w.org\/{rel}","templated":true}]}}